{"id":26,"date":"2024-04-29T10:52:06","date_gmt":"2024-04-29T10:52:06","guid":{"rendered":"https:\/\/nuevo.isoaldia-consigno.com\/?page_id=26"},"modified":"2024-05-02T22:25:18","modified_gmt":"2024-05-02T22:25:18","slug":"aviso-legal","status":"publish","type":"page","link":"https:\/\/nuevo.isoaldia-consigno.com\/index.php\/aviso-legal\/","title":{"rendered":"Aviso Legal"},"content":{"rendered":"<p>[et_pb_section fb_built=\u00bb1&#8243; theme_builder_area=\u00bbpost_content\u00bb _builder_version=\u00bb4.25.0&#8243; _module_preset=\u00bbdefault\u00bb][et_pb_row _builder_version=\u00bb4.25.0&#8243; _module_preset=\u00bbdefault\u00bb theme_builder_area=\u00bbpost_content\u00bb][et_pb_column _builder_version=\u00bb4.25.0&#8243; _module_preset=\u00bbdefault\u00bb type=\u00bb4_4&#8243; theme_builder_area=\u00bbpost_content\u00bb][et_pb_text _builder_version=\u00bb4.25.0&#8243; _module_preset=\u00bbdefault\u00bb theme_builder_area=\u00bbpost_content\u00bb hover_enabled=\u00bb0&#8243; sticky_enabled=\u00bb0&#8243;]<\/p>\n<h2><strong>Aviso Legal<\/strong><\/h2>\n<p>En este espacio, el usuario, podr\u00e1 encontrar toda la informaci\u00f3n relativa a los t\u00e9rminos y condiciones de uso que definen las relaciones entre los usuarios y el titular de esta web. Como usuario, es importante conocer estos t\u00e9rminos antes de continuar con la navegaci\u00f3n.<\/p>\n<p><strong>IDENTIFICACI\u00d3N Y CONTACTO DEL TITULAR DE LA WEB<\/strong><\/p>\n<p><strong>Nombre:\u00a0<\/strong>COMPLIANCE-CONSIGNO, S.L.<\/p>\n<p><strong>CIF:<span>\u00a0<\/span><\/strong>B40573636<strong><\/strong><\/p>\n<p><strong>Domicilio Social:\u00a0<\/strong>Carrer del Transits, 2. 46002, Valencia<\/p>\n<p><strong>Inscripci\u00f3n Registral:<span>\u00a0<\/span><\/strong>Registro Mercantil de Valencia en el tomo 10656, folio 162, inscripci\u00f3n 1 con hoja V-187226.<\/p>\n<p><strong>Tel\u00e9fono<\/strong>: 609 87 23 82<\/p>\n<p><strong>Correo Electr\u00f3nico:<\/strong><strong>\u00a0<\/strong>consigno@consignocpl.es<\/p>\n<p><strong>\u00c1MBITO DE APLICACI\u00d3N<\/strong><\/p>\n<p>La navegaci\u00f3n por el sitio web del Titular implica asumir la condici\u00f3n de usuario y la aceptaci\u00f3n absoluta de lo manifestado en este Aviso Legal.<\/p>\n<p><strong>PROPIEDAD INTELECTUAL O INDUSTRIAL<\/strong><\/p>\n<p>En virtud de lo dispuesto en los art\u00edculos 8 y 32.1, p\u00e1rrafo segundo, de la Ley de Propiedad Intelectual, quedan expresamente prohibidas la reproducci\u00f3n, la distribuci\u00f3n y la comunicaci\u00f3n p\u00fablica, incluida su modalidad de puesta a disposici\u00f3n, de la totalidad o parte de los contenidos de esta p\u00e1gina web, con fines comerciales, en cualquier soporte y por cualquier medio t\u00e9cnico, sin la autorizaci\u00f3n del titular de la web. El usuario se compromete a respetar los derechos de Propiedad Intelectual e Industrial titularidad de COMPLIANCE-CONSIGNO, S.L.<\/p>\n<p>Todos los contenidos publicados en el sitio web y especialmente los dise\u00f1os, textos, im\u00e1genes, v\u00eddeos, gr\u00e1ficos, logos, iconos, botones, as\u00ed como los nombres comerciales, las marcas o dibujos y cualquier otro signo susceptible de utilizaci\u00f3n industrial y comercial est\u00e1n sujetos a derechos de propiedad intelectual e industrial de COMPLIANCE-CONSIGNO, S.L. En ning\u00fan caso, se entender\u00e1 que se concede licencia alguna o se efect\u00faa renuncia, transmisi\u00f3n, cesi\u00f3n total o parcial de dichos derechos ni se confiere ning\u00fan derecho ni expectativa de derecho, y en especial, de alteraci\u00f3n, explotaci\u00f3n, reproducci\u00f3n, distribuci\u00f3n o comunicaci\u00f3n p\u00fablica sobre dichos contenidos sin la previa autorizaci\u00f3n expresa de COMPLIANCE-CONSIGNO, S.L.<\/p>\n<p>COMPLIANCE-CONSIGNO, S.L. cuenta con la autorizaci\u00f3n para la publicaci\u00f3n en su web de las im\u00e1genes, textos y logos de sus clientes.<\/p>\n<p><strong>NORMAS COMUNES DE USO DE LA WEB<\/strong><\/p>\n<p>El usuario queda informado, y acepta, que el acceso a la presente web no supone, en modo alguno, el inicio de una relaci\u00f3n comercial. De esta forma, el usuario se compromete a utilizar el sitio web, sus servicios y contenidos sin contravenir la legislaci\u00f3n vigente, la buena fe y el orden p\u00fablico.<\/p>\n<p>Queda prohibido el uso de la web, con fines il\u00edcitos o lesivos, o que, de cualquier forma, puedan causar perjuicio o impedir el normal funcionamiento del sitio web. Respecto de los contenidos de esta web, se proh\u00edbe su utilizaci\u00f3n para fines comerciales o publicitarios.<\/p>\n<p>En la utilizaci\u00f3n de la web, el usuario se compromete a no llevar a cabo ninguna conducta que pudiera da\u00f1ar la imagen, los intereses y los derechos de COMPLIANCE-CONSIGNO, S.L. o de terceros, o que pudiera da\u00f1ar, inutilizar o sobrecargar el portal o que impidiera, de cualquier forma, la normal utilizaci\u00f3n de la web.<\/p>\n<p><strong>LIMITACI\u00d3N DE RESPONSABILIDADES<\/strong><\/p>\n<p>COMPLIANCE-CONSIGNO, S.L. responder\u00e1 de los da\u00f1os y perjuicios que el usuario pueda sufrir como consecuencia de la utilizaci\u00f3n del sitio web cuando dichos da\u00f1os sean directamente imputables a una actuaci\u00f3n incorrecta de esta entidad, habiendo probado que no ha cumplido las exigencias y requisitos legales y reglamentariamente establecidos. Es responsabilidad del usuario adoptar todas las medidas t\u00e9cnicas adecuadas para controlar razonablemente los riesgos de la navegaci\u00f3n abierta por Internet y evitar da\u00f1os en sus equipos, p\u00e9rdida de datos y robo de informaci\u00f3n confidencial. COMPLIANCE-CONSIGNO, S.L. no se hace responsable de los perjuicios que se pudieran derivar de interferencias, omisiones, interrupciones, virus inform\u00e1ticos, aver\u00edas y\/o desconexiones en el funcionamiento operativo de este sitio web o en los aparatos y equipos inform\u00e1ticos de los usuarios, motivadas por causas ajenas a COMPLIANCE-CONSIGNO, S.L.<\/p>\n<p>COMPLIANCE-CONSIGNO, S.L. no ser\u00e1 responsable si no tiene conocimiento efectivo de que la actividad o la informaci\u00f3n a la que remite o recomienda a trav\u00e9s de sus enlaces es il\u00edcita o de que lesiona bienes o derechos de un tercero susceptibles de indemnizaci\u00f3n, o si lo tiene, act\u00faa con diligencia para suprimir o inutilizar el enlace o la informaci\u00f3n correspondiente.<\/p>\n<p><strong>MODIFICACI\u00d3N DE LAS CONDICIONES DE USO<\/strong><\/p>\n<p>Eventualmente, estas Condiciones de Uso pueden ser revisadas con el fin de actualizar los cambios en la legislaci\u00f3n vigente, actualizar los procedimientos de recogida y uso de la informaci\u00f3n, la aparici\u00f3n de nuevos servicios o la exclusi\u00f3n de otros. Estos cambios ser\u00e1n vigentes a partir de su publicaci\u00f3n en la web, por lo que es importante revisar regularmente estas Condiciones de Uso con el fin de permanecer informado sobre los cambios habidos.<\/p>\n<p><strong>NULIDAD E INEFICACIA DE LAS CL\u00c1USULAS<\/strong><\/p>\n<p>Si cualquier cl\u00e1usula incluida en las presentes Condiciones Generales fuese declarada total o parcialmente nula o ineficaz, tal nulidad o ineficacia tan s\u00f3lo afectar\u00e1 a dicha disposici\u00f3n o a la parte de la misma que resulte nula o ineficaz, subsistiendo las presentes Condiciones Generales en todo lo dem\u00e1s, consider\u00e1ndose tal disposici\u00f3n, total o parcialmente, por no incluida.<\/p>\n<p><strong>PROTECCI\u00d3N DE DATOS PERSONALES<\/strong><\/p>\n<p>Consultar \u201cPol\u00edtica de Privacidad\u201d.<\/p>\n<p><strong>COOKIES<\/strong><\/p>\n<p>Consultar \u201cPol\u00edtica de Cookies\u201d.<\/p>\n<p><strong>LEGISLACI\u00d3N APLICABLE Y JURISDICCI\u00d3N COMPETENTE<\/strong><\/p>\n<p>En el supuesto de que surja cualquier conflicto o discrepancia en la interpretaci\u00f3n o aplicaci\u00f3n de las presentes condiciones de uso, la normativa legal aplicable en todos y cada uno de sus extremos ser\u00e1 la espa\u00f1ola.<\/p>\n<p>Documento revisado el 7 de marzo de 2019<\/p>\n<p>[\/et_pb_text][\/et_pb_column][\/et_pb_row][\/et_pb_section]<\/p>\n","protected":false},"excerpt":{"rendered":"<p>Aviso Legal En este espacio, el usuario, podr\u00e1 encontrar toda la informaci\u00f3n relativa a los t\u00e9rminos y condiciones de uso que definen las relaciones entre los usuarios y el titular de esta web. Como usuario, es importante conocer estos t\u00e9rminos antes de continuar con la navegaci\u00f3n. IDENTIFICACI\u00d3N Y CONTACTO DEL TITULAR DE LA WEB Nombre:\u00a0COMPLIANCE-CONSIGNO, [&hellip;]<\/p>\n","protected":false},"author":1,"featured_media":0,"parent":0,"menu_order":0,"comment_status":"closed","ping_status":"closed","template":"","meta":{"_et_pb_use_builder":"on","_et_pb_old_content":"<!-- wp:divi\/placeholder \/-->","_et_gb_content_width":"","_joinchat":[],"footnotes":""},"class_list":["post-26","page","type-page","status-publish","hentry"],"_links":{"self":[{"href":"https:\/\/nuevo.isoaldia-consigno.com\/index.php\/wp-json\/wp\/v2\/pages\/26","targetHints":{"allow":["GET"]}}],"collection":[{"href":"https:\/\/nuevo.isoaldia-consigno.com\/index.php\/wp-json\/wp\/v2\/pages"}],"about":[{"href":"https:\/\/nuevo.isoaldia-consigno.com\/index.php\/wp-json\/wp\/v2\/types\/page"}],"author":[{"embeddable":true,"href":"https:\/\/nuevo.isoaldia-consigno.com\/index.php\/wp-json\/wp\/v2\/users\/1"}],"replies":[{"embeddable":true,"href":"https:\/\/nuevo.isoaldia-consigno.com\/index.php\/wp-json\/wp\/v2\/comments?post=26"}],"version-history":[{"count":3,"href":"https:\/\/nuevo.isoaldia-consigno.com\/index.php\/wp-json\/wp\/v2\/pages\/26\/revisions"}],"predecessor-version":[{"id":182,"href":"https:\/\/nuevo.isoaldia-consigno.com\/index.php\/wp-json\/wp\/v2\/pages\/26\/revisions\/182"}],"wp:attachment":[{"href":"https:\/\/nuevo.isoaldia-consigno.com\/index.php\/wp-json\/wp\/v2\/media?parent=26"}],"curies":[{"name":"wp","href":"https:\/\/api.w.org\/{rel}","templated":true}]}}