{"id":17,"date":"2024-04-29T10:48:07","date_gmt":"2024-04-29T10:48:07","guid":{"rendered":"https:\/\/nuevo.isoaldia-consigno.com\/?page_id=17"},"modified":"2024-05-14T08:12:54","modified_gmt":"2024-05-14T08:12:54","slug":"area-privada","status":"publish","type":"page","link":"https:\/\/nuevo.isoaldia-consigno.com\/index.php\/area-privada\/","title":{"rendered":"\u00c1rea Privada"},"content":{"rendered":"<p>[et_pb_section fb_built=\u00bb1&#8243; _builder_version=\u00bb4.25.0&#8243; _module_preset=\u00bbdefault\u00bb background_video_mp4=\u00bbhttps:\/\/nuevo.isoaldia-consigno.com\/wp-content\/uploads\/2024\/04\/146301-788789707.mp4&#8243; global_colors_info=\u00bb{}\u00bb][\/et_pb_section][et_pb_section fb_built=\u00bb1&#8243; _builder_version=\u00bb4.25.0&#8243; _module_preset=\u00bbdefault\u00bb custom_padding=\u00bb60px||9px|||\u00bb global_colors_info=\u00bb{}\u00bb][et_pb_row _builder_version=\u00bb4.25.0&#8243; _module_preset=\u00bbdefault\u00bb custom_padding=\u00bb4px||14px|||\u00bb global_colors_info=\u00bb{}\u00bb][et_pb_column type=\u00bb4_4&#8243; _builder_version=\u00bb4.25.0&#8243; _module_preset=\u00bbdefault\u00bb global_colors_info=\u00bb{}\u00bb][et_pb_text _builder_version=\u00bb4.25.0&#8243; _module_preset=\u00bbdefault\u00bb header_text_color=\u00bb#E09900&#8243; custom_margin=\u00bb||0px|||\u00bb global_colors_info=\u00bb{}\u00bb]<\/p>\n<h1>\u00c1rea Privada ISOAld\u00eda<\/h1>\n<p>[\/et_pb_text][et_pb_divider divider_weight=\u00bb5px\u00bb _builder_version=\u00bb4.25.0&#8243; _module_preset=\u00bbdefault\u00bb width=\u00bb30%\u00bb global_colors_info=\u00bb{}\u00bb][\/et_pb_divider][\/et_pb_column][\/et_pb_row][et_pb_row _builder_version=\u00bb4.25.0&#8243; _module_preset=\u00bbdefault\u00bb custom_padding=\u00bb10px|||||\u00bb global_colors_info=\u00bb{}\u00bb][et_pb_column type=\u00bb4_4&#8243; _builder_version=\u00bb4.25.0&#8243; _module_preset=\u00bbdefault\u00bb global_colors_info=\u00bb{}\u00bb][et_pb_text _builder_version=\u00bb4.25.0&#8243; _module_preset=\u00bbdefault\u00bb text_font_size=\u00bb22px\u00bb text_line_height=\u00bb1.4em\u00bb hover_enabled=\u00bb0&#8243; global_colors_info=\u00bb{}\u00bb sticky_enabled=\u00bb0&#8243;]<\/p>\n<p>Bienvenido a nuestra \u00c1rea Privada de Clientes.<\/p>\n<p>Pinche en este enlace <a href=\"https:\/\/isoaldiaapplication.com\/aldia\/Account\/Login?ReturnUrl=%2faldia%2f\">\u00ab\u00c1rea Privada\u00bb<\/a> para acceder a su aplicaci\u00f3n.<\/p>\n<p>No olvide tener a mano su Usuario y Contrase\u00f1a de Acceso.<\/p>\n<p>Les deseamos un Feliz D\u00eda. Cualquier Duda o Consulta, estamos a su disposici\u00f3n.<\/p>\n<p>[\/et_pb_text][\/et_pb_column][\/et_pb_row][\/et_pb_section]<\/p>\n","protected":false},"excerpt":{"rendered":"<p>\u00c1rea Privada ISOAld\u00edaBienvenido a nuestra \u00c1rea Privada de Clientes. Pinche en este enlace \u00ab\u00c1rea Privada\u00bb para acceder a su aplicaci\u00f3n. No olvide tener a mano su Usuario y Contrase\u00f1a de Acceso. Les deseamos un Feliz D\u00eda. Cualquier Duda o Consulta, estamos a su disposici\u00f3n.<\/p>\n","protected":false},"author":1,"featured_media":0,"parent":0,"menu_order":0,"comment_status":"closed","ping_status":"closed","template":"","meta":{"_et_pb_use_builder":"on","_et_pb_old_content":"","_et_gb_content_width":"","_joinchat":[],"footnotes":""},"class_list":["post-17","page","type-page","status-publish","hentry"],"_links":{"self":[{"href":"https:\/\/nuevo.isoaldia-consigno.com\/index.php\/wp-json\/wp\/v2\/pages\/17","targetHints":{"allow":["GET"]}}],"collection":[{"href":"https:\/\/nuevo.isoaldia-consigno.com\/index.php\/wp-json\/wp\/v2\/pages"}],"about":[{"href":"https:\/\/nuevo.isoaldia-consigno.com\/index.php\/wp-json\/wp\/v2\/types\/page"}],"author":[{"embeddable":true,"href":"https:\/\/nuevo.isoaldia-consigno.com\/index.php\/wp-json\/wp\/v2\/users\/1"}],"replies":[{"embeddable":true,"href":"https:\/\/nuevo.isoaldia-consigno.com\/index.php\/wp-json\/wp\/v2\/comments?post=17"}],"version-history":[{"count":7,"href":"https:\/\/nuevo.isoaldia-consigno.com\/index.php\/wp-json\/wp\/v2\/pages\/17\/revisions"}],"predecessor-version":[{"id":256,"href":"https:\/\/nuevo.isoaldia-consigno.com\/index.php\/wp-json\/wp\/v2\/pages\/17\/revisions\/256"}],"wp:attachment":[{"href":"https:\/\/nuevo.isoaldia-consigno.com\/index.php\/wp-json\/wp\/v2\/media?parent=17"}],"curies":[{"name":"wp","href":"https:\/\/api.w.org\/{rel}","templated":true}]}}